{"id":3596,"date":"2023-12-03T16:15:44","date_gmt":"2023-12-03T16:15:44","guid":{"rendered":"https:\/\/karlamozzo.com\/?page_id=3596"},"modified":"2025-10-15T21:16:13","modified_gmt":"2025-10-15T21:16:13","slug":"contact","status":"publish","type":"page","link":"https:\/\/karlamozzo.com\/en\/contact\/","title":{"rendered":"Contact"},"content":{"rendered":"<div data-elementor-type=\"wp-page\" data-elementor-id=\"3596\" class=\"elementor elementor-3596\">\n\t\t\t\t\t\t<section class=\"elementor-section elementor-top-section elementor-element elementor-element-a3e7504 rainbow-section-gap elementor-section-boxed elementor-section-height-default elementor-section-height-default\" data-id=\"a3e7504\" data-element_type=\"section\" data-e-type=\"section\">\n\t\t\t\t\t\t<div class=\"elementor-container elementor-column-gap-default\">\n\t\t\t\t\t<div class=\"elementor-column elementor-col-100 elementor-top-column elementor-element elementor-element-83c788a\" data-id=\"83c788a\" data-element_type=\"column\" data-e-type=\"column\">\n\t\t\t<div class=\"elementor-widget-wrap elementor-element-populated\">\n\t\t\t\t\t\t<section class=\"elementor-section elementor-inner-section elementor-element elementor-element-0892b60 elementor-section-boxed elementor-section-height-default elementor-section-height-default\" data-id=\"0892b60\" data-element_type=\"section\" data-e-type=\"section\">\n\t\t\t\t\t\t<div class=\"elementor-container elementor-column-gap-extended\">\n\t\t\t\t\t<div class=\"elementor-column elementor-col-50 elementor-inner-column elementor-element elementor-element-51b649f\" data-id=\"51b649f\" data-element_type=\"column\" data-e-type=\"column\">\n\t\t\t<div class=\"elementor-widget-wrap elementor-element-populated\">\n\t\t\t\t\t\t<div class=\"elementor-element elementor-element-d2170a2 elementor-widget elementor-widget-doob-main-services\" data-id=\"d2170a2\" data-element_type=\"widget\" data-e-type=\"widget\" data-widget_type=\"doob-main-services.default\">\n\t\t\t\t<div class=\"elementor-widget-container\">\n\t\t\t\t\t        <!-- Start Service Area  -->\r\n        <div class=\"rainbow-service-area rainbow-section-gap rn-service-area\">\r\n            <div class=\"container\">\r\n                                    <div class=\"row\">\r\n                        <div class=\"col-lg-12 mb--20 mb_sm--0\">\r\n                            <div class=\"section-title section-title--2 text-center\">\r\n                                                            <div class=\"subtitle\"><span class=\"theme-gradient\">Do you have questions?<\/span><\/div>\r\n            \r\n                            <h2 class=\"title w-600 mb--20\">\r\n                    <span> Contact me! <\/span> <br>\r\n                                    <\/h2>\r\n                                        <p class=\"description b1\">Use the form below or send me an email for any questions or to schedule a slot.<\/p>\r\n                                                <\/div>\r\n                        <\/div>\r\n                    <\/div>\r\n                                                    <div class=\"row row--15 service-wrapper\">\r\n                                                    <div class=\"service-item mt--30 col-lg-12 col-md-12 col-sm-12 col-12 elementor-repeater-item-d92ae3e\">\r\n                                                                <div class=\"single-service\">\r\n                                                                            <a href=\"http:\/\/info@karlamozzo.com\/en\/\"  >\r\n                                                                            <div class=\"service service__style--1 icon-circle-style layout-5 text-center\">\r\n                                            <div class=\"inner\">\r\n\r\n                                                                                                                                                                    <div class=\"icon\">\r\n                                                                <i aria-hidden=\"true\" class=\"rbt feather-mail\"><\/i>                                                                                                                            <\/div>\r\n                                                                                                                                                            \r\n\r\n                                                                                                    <div class=\"content\">\r\n                                                                                                                    <h4 class=\"title\">Email<\/h4>\r\n                                                                                                                                                                            <p class=\"description b1 color-gray mb--0\">info@karlamozzo.com<\/p>\r\n                                                        \r\n                                                        \r\n                                                    <\/div>\r\n                                                \r\n                                                \r\n\r\n                                            <\/div>\r\n                                        <\/div>\r\n                                     <\/a>                                 <\/div>\r\n                            <\/div>\r\n                                            <\/div>\r\n                            <\/div>\r\n        <\/div>\r\n        <!-- Start Service Area  -->\r\n        \t\t\t\t<\/div>\n\t\t\t\t<\/div>\n\t\t\t\t\t<\/div>\n\t\t<\/div>\n\t\t\t\t<div class=\"elementor-column elementor-col-50 elementor-inner-column elementor-element elementor-element-97b817f\" data-id=\"97b817f\" data-element_type=\"column\" data-e-type=\"column\">\n\t\t\t<div class=\"elementor-widget-wrap elementor-element-populated\">\n\t\t\t\t\t\t<div class=\"elementor-element elementor-element-3a34dcc elementor-widget elementor-widget-doob-contact\" data-id=\"3a34dcc\" data-element_type=\"widget\" data-e-type=\"widget\" data-widget_type=\"doob-contact.default\">\n\t\t\t\t<div class=\"elementor-widget-container\">\n\t\t\t\t\t            <div class=\"rbt-form-wrapper\"> \n<div class=\"wpcf7 no-js\" id=\"wpcf7-f3601-o1\" lang=\"en-US\" dir=\"ltr\" data-wpcf7-id=\"3601\">\n<div class=\"screen-reader-response\"><p role=\"status\" aria-live=\"polite\" aria-atomic=\"true\"><\/p> <ul><\/ul><\/div>\n<form action=\"\/en\/wp-json\/wp\/v2\/pages\/3596#wpcf7-f3601-o1\" method=\"post\" class=\"wpcf7-form init\" aria-label=\"Contact form\" novalidate=\"novalidate\" data-status=\"init\" data-trp-original-action=\"\/en\/wp-json\/wp\/v2\/pages\/3596#wpcf7-f3601-o1\">\n<fieldset class=\"hidden-fields-container\"><input type=\"hidden\" name=\"_wpcf7\" value=\"3601\" \/><input type=\"hidden\" name=\"_wpcf7_version\" value=\"6.1.5\" \/><input type=\"hidden\" name=\"_wpcf7_locale\" value=\"en_US\" \/><input type=\"hidden\" name=\"_wpcf7_unit_tag\" value=\"wpcf7-f3601-o1\" \/><input type=\"hidden\" name=\"_wpcf7_container_post\" value=\"0\" \/><input type=\"hidden\" name=\"_wpcf7_posted_data_hash\" value=\"\" \/>\n<\/fieldset>\n<div class=\"contact-form-1 rainbow-dynamic-form\">\n    <div class=\"form-group\">\n<span class=\"wpcf7-form-control-wrap\" data-name=\"your-name\"><input size=\"40\" maxlength=\"400\" class=\"wpcf7-form-control wpcf7-text wpcf7-validates-as-required\" aria-required=\"true\" aria-invalid=\"false\" placeholder=\"Name\" value=\"\" type=\"text\" name=\"your-name\" \/><\/span>\n    <\/div>\n    <div class=\"form-group\">\n        <span class=\"wpcf7-form-control-wrap\" data-name=\"your-phone\"><input size=\"40\" maxlength=\"400\" class=\"wpcf7-form-control wpcf7-text\" aria-invalid=\"false\" placeholder=\"Phone number\" value=\"\" type=\"text\" name=\"your-phone\" \/><\/span>\n    <\/div>\n    <div class=\"form-group\">\n        <span class=\"wpcf7-form-control-wrap\" data-name=\"your-email\"><input size=\"40\" maxlength=\"400\" class=\"wpcf7-form-control wpcf7-email wpcf7-validates-as-required wpcf7-text wpcf7-validates-as-email\" aria-required=\"true\" aria-invalid=\"false\" placeholder=\"Email\" value=\"\" type=\"email\" name=\"your-email\" \/><\/span>\n    <\/div>\n\n    <div class=\"form-group\">\n        <span class=\"wpcf7-form-control-wrap\" data-name=\"your-subject\"><input size=\"40\" maxlength=\"400\" class=\"wpcf7-form-control wpcf7-text\" aria-invalid=\"false\" placeholder=\"Subject\" value=\"\" type=\"text\" name=\"your-subject\" \/><\/span>\n    <\/div>\n\n    <div class=\"form-group\">\n        <span class=\"wpcf7-form-control-wrap\" data-name=\"your-message\"><textarea cols=\"10\" rows=\"3\" maxlength=\"2000\" class=\"wpcf7-form-control wpcf7-textarea wpcf7-validates-as-required\" aria-required=\"true\" aria-invalid=\"false\" placeholder=\"Message\" name=\"your-message\"><\/textarea><\/span>\n    <\/div>\n\n    <div class=\"form-group\">\n        <button name=\"submit\" type=\"submit\" class=\"btn-default btn-large rainbow-btn\">\n            <span>Send now<\/span>\n        <\/button>\n    <\/div>\n<\/div><div class=\"wpcf7-response-output\" aria-hidden=\"true\"><\/div>\n<input type=\"hidden\" name=\"trp-form-language\" value=\"en\"\/><\/form>\n<\/div>\n <\/div> \t\t\t\t<\/div>\n\t\t\t\t<\/div>\n\t\t\t\t\t<\/div>\n\t\t<\/div>\n\t\t\t\t\t<\/div>\n\t\t<\/section>\n\t\t\t\t\t<\/div>\n\t\t<\/div>\n\t\t\t\t\t<\/div>\n\t\t<\/section>\n\t\t\t\t<\/div>","protected":false},"excerpt":{"rendered":"<p>\u00bfTienes preguntas? \u00a1Cont\u00e1ctame! Utiliza el formulario a continuaci\u00f3n o env\u00edame un correo para cualquier duda o agendar un espacio. Correo electr\u00f3nico info@karlamozzo.com Enviar ahora<\/p>","protected":false},"author":1,"featured_media":0,"parent":0,"menu_order":0,"comment_status":"closed","ping_status":"closed","template":"elementor_header_footer","meta":{"_acf_changed":false,"om_disable_all_campaigns":false,"_monsterinsights_skip_tracking":false,"_monsterinsights_sitenote_active":false,"_monsterinsights_sitenote_note":"","_monsterinsights_sitenote_category":0,"footnotes":""},"class_list":["post-3596","page","type-page","status-publish","hentry"],"acf":[],"aioseo_notices":[],"jetpack_sharing_enabled":true,"_links":{"self":[{"href":"https:\/\/karlamozzo.com\/en\/wp-json\/wp\/v2\/pages\/3596","targetHints":{"allow":["GET"]}}],"collection":[{"href":"https:\/\/karlamozzo.com\/en\/wp-json\/wp\/v2\/pages"}],"about":[{"href":"https:\/\/karlamozzo.com\/en\/wp-json\/wp\/v2\/types\/page"}],"author":[{"embeddable":true,"href":"https:\/\/karlamozzo.com\/en\/wp-json\/wp\/v2\/users\/1"}],"replies":[{"embeddable":true,"href":"https:\/\/karlamozzo.com\/en\/wp-json\/wp\/v2\/comments?post=3596"}],"version-history":[{"count":9,"href":"https:\/\/karlamozzo.com\/en\/wp-json\/wp\/v2\/pages\/3596\/revisions"}],"predecessor-version":[{"id":7190,"href":"https:\/\/karlamozzo.com\/en\/wp-json\/wp\/v2\/pages\/3596\/revisions\/7190"}],"wp:attachment":[{"href":"https:\/\/karlamozzo.com\/en\/wp-json\/wp\/v2\/media?parent=3596"}],"curies":[{"name":"wp","href":"https:\/\/api.w.org\/{rel}","templated":true}]}}