{"id":6424,"date":"2025-03-11T05:00:45","date_gmt":"2025-03-11T05:00:45","guid":{"rendered":"https:\/\/karlamozzo.com\/?page_id=6424"},"modified":"2026-01-07T16:43:18","modified_gmt":"2026-01-07T16:43:18","slug":"cultura-organizacional","status":"publish","type":"page","link":"https:\/\/karlamozzo.com\/en\/cultura-organizacional\/","title":{"rendered":"Organizational Culture"},"content":{"rendered":"<div data-elementor-type=\"wp-page\" data-elementor-id=\"6424\" class=\"elementor elementor-6424\">\n\t\t\t\t\t\t<section class=\"elementor-section elementor-top-section elementor-element elementor-element-d4f05af elementor-section-boxed elementor-section-height-default elementor-section-height-default\" data-id=\"d4f05af\" data-element_type=\"section\" data-e-type=\"section\">\n\t\t\t\t\t\t<div class=\"elementor-container elementor-column-gap-default\">\n\t\t\t\t\t<div class=\"elementor-column elementor-col-100 elementor-top-column elementor-element elementor-element-c1685a8\" data-id=\"c1685a8\" data-element_type=\"column\" data-e-type=\"column\">\n\t\t\t<div class=\"elementor-widget-wrap elementor-element-populated\">\n\t\t\t\t\t\t<div class=\"elementor-element elementor-element-7b33d39 elementor-widget elementor-widget-doob-divider\" data-id=\"7b33d39\" data-element_type=\"widget\" data-e-type=\"widget\" data-widget_type=\"doob-divider.default\">\n\t\t\t\t<div class=\"elementor-widget-container\">\n\t\t\t\t\t        <div class=\"rb-separator\">\r\n            <div class=\"divider-separator\"><\/div>\r\n        <\/div>\r\n        \t\t\t\t<\/div>\n\t\t\t\t<\/div>\n\t\t\t\t\t<\/div>\n\t\t<\/div>\n\t\t\t\t\t<\/div>\n\t\t<\/section>\n\t\t\t\t<section class=\"elementor-section elementor-top-section elementor-element elementor-element-659a14b elementor-section-boxed elementor-section-height-default elementor-section-height-default\" data-id=\"659a14b\" data-element_type=\"section\" data-e-type=\"section\">\n\t\t\t\t\t\t<div class=\"elementor-container elementor-column-gap-default\">\n\t\t\t\t\t<div class=\"elementor-column elementor-col-100 elementor-top-column elementor-element elementor-element-602a2f6\" data-id=\"602a2f6\" data-element_type=\"column\" data-e-type=\"column\">\n\t\t\t<div class=\"elementor-widget-wrap elementor-element-populated\">\n\t\t\t\t\t\t<div class=\"elementor-element elementor-element-513eb1e elementor-widget elementor-widget-doob-divider\" data-id=\"513eb1e\" data-element_type=\"widget\" data-e-type=\"widget\" data-widget_type=\"doob-divider.default\">\n\t\t\t\t<div class=\"elementor-widget-container\">\n\t\t\t\t\t        <div class=\"rb-separator\">\r\n            <div class=\"divider-separator\"><\/div>\r\n        <\/div>\r\n        \t\t\t\t<\/div>\n\t\t\t\t<\/div>\n\t\t\t\t\t<\/div>\n\t\t<\/div>\n\t\t\t\t\t<\/div>\n\t\t<\/section>\n\t\t\t\t<section class=\"elementor-section elementor-top-section elementor-element elementor-element-fe39de5 elementor-section-boxed elementor-section-height-default elementor-section-height-default\" data-id=\"fe39de5\" data-element_type=\"section\" data-e-type=\"section\">\n\t\t\t\t\t\t<div class=\"elementor-container elementor-column-gap-default\">\n\t\t\t\t\t<div class=\"elementor-column elementor-col-100 elementor-top-column elementor-element elementor-element-5d1995d\" data-id=\"5d1995d\" data-element_type=\"column\" data-e-type=\"column\">\n\t\t\t<div class=\"elementor-widget-wrap elementor-element-populated\">\n\t\t\t\t\t\t<div class=\"elementor-element elementor-element-4157318 elementor-widget__width-inherit elementor-widget elementor-widget-doob-divider\" data-id=\"4157318\" data-element_type=\"widget\" data-e-type=\"widget\" data-widget_type=\"doob-divider.default\">\n\t\t\t\t<div class=\"elementor-widget-container\">\n\t\t\t\t\t        <div class=\"rb-separator\">\r\n            <div class=\"divider-separator\"><\/div>\r\n        <\/div>\r\n        \t\t\t\t<\/div>\n\t\t\t\t<\/div>\n\t\t\t\t\t<\/div>\n\t\t<\/div>\n\t\t\t\t\t<\/div>\n\t\t<\/section>\n\t\t\t\t<section class=\"elementor-section elementor-top-section elementor-element elementor-element-2990b33 elementor-section-full_width elementor-section-height-min-height elementor-section-height-default elementor-section-items-middle\" data-id=\"2990b33\" data-element_type=\"section\" data-e-type=\"section\">\n\t\t\t\t\t\t<div class=\"elementor-container elementor-column-gap-default\">\n\t\t\t\t\t<div class=\"elementor-column elementor-col-100 elementor-top-column elementor-element elementor-element-4d60ef7\" data-id=\"4d60ef7\" data-element_type=\"column\" data-e-type=\"column\">\n\t\t\t<div class=\"elementor-widget-wrap elementor-element-populated\">\n\t\t\t\t\t\t<div class=\"elementor-element elementor-element-5434adc elementor-widget elementor-widget-text-editor\" data-id=\"5434adc\" data-element_type=\"widget\" data-e-type=\"widget\" data-widget_type=\"text-editor.default\">\n\t\t\t\t<div class=\"elementor-widget-container\">\n\t\t\t\t\t\t\t\t\t<p class=\"cvGsUA direction-ltr align-center para-style-body\"><img fetchpriority=\"high\" decoding=\"async\" class=\"alignleft wp-image-6592\" src=\"https:\/\/karlamozzo.com\/wp-content\/uploads\/2025\/03\/1-IMG_7179-e1744347962245-1024x661.jpg\" alt=\"\" width=\"450\" height=\"291\" srcset=\"https:\/\/karlamozzo.com\/wp-content\/uploads\/2025\/03\/1-IMG_7179-e1744347962245-1024x661.jpg 1024w, https:\/\/karlamozzo.com\/wp-content\/uploads\/2025\/03\/1-IMG_7179-e1744347962245-300x194.jpg 300w, https:\/\/karlamozzo.com\/wp-content\/uploads\/2025\/03\/1-IMG_7179-e1744347962245-768x496.jpg 768w, https:\/\/karlamozzo.com\/wp-content\/uploads\/2025\/03\/1-IMG_7179-e1744347962245-1320x853.jpg 1320w, https:\/\/karlamozzo.com\/wp-content\/uploads\/2025\/03\/1-IMG_7179-e1744347962245-600x388.jpg 600w, https:\/\/karlamozzo.com\/wp-content\/uploads\/2025\/03\/1-IMG_7179-e1744347962245.jpg 1370w\" sizes=\"(max-width: 450px) 100vw, 450px\" \/><\/p><p>There are organizational cultures that still operate from a separation mindset where using power over others and pitting collaborators against each other instead of promoting collaboration is what is experienced day to day.<span class=\"Apple-converted-space\">\u00a0<\/span><\/p><p>Achieving the goal of leading these organizations to a unity mindset so they can meet their goals goes beyond programs<span class=\"Apple-converted-space\"> general, achieving a change in values is an individual effort supported by the\u00a0<\/span>collective.<\/p><p>I have accompanied CEOs, business owners, vice presidents, and top executives through dilemmas that put their deepest beliefs to the test, and for this, I use tools from my studies in the humanities. I know that the higher you climb in the hierarchy, the more solitude you experience, which is why in individual sessions I create a safe space to delve into the process of changing limiting beliefs that can cause so much suffering.<\/p><p>A leader who has the support needed to sustain change is key to an organizational culture that moves towards a mindset of unity, collaboration, and well-being for their entire team.<\/p><p>Taking care of oneself and taking care of others starts the virtuous circle. I myself walked the path of experiencing the suffering caused by a culture with a mindset of separation and fear, which is why I know what it means to ask for help to act with integrity; I know how important it is to have support and the great difference it makes to have a safe space to express oneself, strengthen oneself, and remind ourselves that we are not alone.<\/p>\t\t\t\t\t\t\t\t<\/div>\n\t\t\t\t<\/div>\n\t\t\t\t\t<\/div>\n\t\t<\/div>\n\t\t\t\t\t<\/div>\n\t\t<\/section>\n\t\t\t\t<section class=\"elementor-section elementor-top-section elementor-element elementor-element-bbf3c07 elementor-section-boxed elementor-section-height-default elementor-section-height-default\" data-id=\"bbf3c07\" data-element_type=\"section\" data-e-type=\"section\">\n\t\t\t\t\t\t<div class=\"elementor-container elementor-column-gap-default\">\n\t\t\t\t\t<div class=\"elementor-column elementor-col-100 elementor-top-column elementor-element elementor-element-fffa539\" data-id=\"fffa539\" data-element_type=\"column\" data-e-type=\"column\">\n\t\t\t<div class=\"elementor-widget-wrap elementor-element-populated\">\n\t\t\t\t\t\t<div class=\"elementor-element elementor-element-02b521e elementor-widget elementor-widget-heading\" data-id=\"02b521e\" data-element_type=\"widget\" data-e-type=\"widget\" data-widget_type=\"heading.default\">\n\t\t\t\t<div class=\"elementor-widget-container\">\n\t\t\t\t\t<h2 class=\"elementor-heading-title elementor-size-default\">Organizational Experience<\/h2>\t\t\t\t<\/div>\n\t\t\t\t<\/div>\n\t\t\t\t\t<\/div>\n\t\t<\/div>\n\t\t\t\t\t<\/div>\n\t\t<\/section>\n\t\t\t\t<section class=\"elementor-section elementor-top-section elementor-element elementor-element-d3350d0 elementor-section-boxed elementor-section-height-default elementor-section-height-default\" data-id=\"d3350d0\" data-element_type=\"section\" data-e-type=\"section\">\n\t\t\t\t\t\t<div class=\"elementor-container elementor-column-gap-default\">\n\t\t\t\t\t<div class=\"elementor-column elementor-col-100 elementor-top-column elementor-element elementor-element-328de2f\" data-id=\"328de2f\" data-element_type=\"column\" data-e-type=\"column\">\n\t\t\t<div class=\"elementor-widget-wrap elementor-element-populated\">\n\t\t\t\t\t\t<div class=\"elementor-element elementor-element-435ecd9 elementor-widget elementor-widget-text-editor\" data-id=\"435ecd9\" data-element_type=\"widget\" data-e-type=\"widget\" data-widget_type=\"text-editor.default\">\n\t\t\t\t<div class=\"elementor-widget-container\">\n\t\t\t\t\t\t\t\t\t<p class=\"cvGsUA direction-ltr align-start para-style-body\"><img decoding=\"async\" class=\"alignright wp-image-6593\" src=\"https:\/\/karlamozzo.com\/wp-content\/uploads\/2025\/03\/2-IMG_6028-1024x683.jpg\" alt=\"\" width=\"450\" height=\"300\" srcset=\"https:\/\/karlamozzo.com\/wp-content\/uploads\/2025\/03\/2-IMG_6028-1024x683.jpg 1024w, https:\/\/karlamozzo.com\/wp-content\/uploads\/2025\/03\/2-IMG_6028-300x200.jpg 300w, https:\/\/karlamozzo.com\/wp-content\/uploads\/2025\/03\/2-IMG_6028-768x512.jpg 768w, https:\/\/karlamozzo.com\/wp-content\/uploads\/2025\/03\/2-IMG_6028-1536x1024.jpg 1536w, https:\/\/karlamozzo.com\/wp-content\/uploads\/2025\/03\/2-IMG_6028-2048x1366.jpg 2048w, https:\/\/karlamozzo.com\/wp-content\/uploads\/2025\/03\/2-IMG_6028-1320x880.jpg 1320w, https:\/\/karlamozzo.com\/wp-content\/uploads\/2025\/03\/2-IMG_6028-600x400.jpg 600w\" sizes=\"(max-width: 450px) 100vw, 450px\" \/><span class=\"OYPEnA font-feature-liga-off font-feature-clig-off font-feature-calt-off text-decoration-none text-strikethrough-none\">I have worked in the areas of Marketing, Sales, Purchasing, Production, Finance, Compliance, and General Secretariat of multinational companies, such as Bosch, Eli Lilly, VW, and Audi, which has given me a global vision of organizational processes and dynamics.<\/span><\/p><p class=\"cvGsUA direction-ltr align-start para-style-body\"><span class=\"OYPEnA font-feature-liga-off font-feature-clig-off font-feature-calt-off text-decoration-none text-strikethrough-none\">In each of the positions I have held, I have done the same: build trust, create and streamline processes, and lead cultural change projects. Everything I do is based on the principle that building trusting relationships lays the groundwork for everyone's sustainability.<\/span><\/p><h5>Today I collaborate with <em><a href=\"https:\/\/www.workbliss.org\/equipo\"><strong>Workbliss.org<\/strong><\/a><\/em>\u00a0 para inspirar y empoderar una comunidad colaborativa que impulse el bienestar, enfocados a crear una mejor sociedad.<\/h5>\t\t\t\t\t\t\t\t<\/div>\n\t\t\t\t<\/div>\n\t\t\t\t\t<\/div>\n\t\t<\/div>\n\t\t\t\t\t<\/div>\n\t\t<\/section>\n\t\t\t\t<section class=\"elementor-section elementor-top-section elementor-element elementor-element-d000e93 elementor-section-boxed elementor-section-height-default elementor-section-height-default\" data-id=\"d000e93\" data-element_type=\"section\" data-e-type=\"section\">\n\t\t\t\t\t\t<div class=\"elementor-container elementor-column-gap-default\">\n\t\t\t\t\t<div class=\"elementor-column elementor-col-100 elementor-top-column elementor-element elementor-element-2bcc0d6\" data-id=\"2bcc0d6\" data-element_type=\"column\" data-e-type=\"column\">\n\t\t\t<div class=\"elementor-widget-wrap elementor-element-populated\">\n\t\t\t\t\t\t<div class=\"elementor-element elementor-element-13875a2 elementor-widget elementor-widget-heading\" data-id=\"13875a2\" data-element_type=\"widget\" data-e-type=\"widget\" data-widget_type=\"heading.default\">\n\t\t\t\t<div class=\"elementor-widget-container\">\n\t\t\t\t\t<h2 class=\"elementor-heading-title elementor-size-default\">Cultural Change<\/h2>\t\t\t\t<\/div>\n\t\t\t\t<\/div>\n\t\t\t\t\t<\/div>\n\t\t<\/div>\n\t\t\t\t\t<\/div>\n\t\t<\/section>\n\t\t\t\t<section class=\"elementor-section elementor-top-section elementor-element elementor-element-9ab7508 elementor-section-boxed elementor-section-height-default elementor-section-height-default\" data-id=\"9ab7508\" data-element_type=\"section\" data-e-type=\"section\">\n\t\t\t\t\t\t<div class=\"elementor-container elementor-column-gap-default\">\n\t\t\t\t\t<div class=\"elementor-column elementor-col-100 elementor-top-column elementor-element elementor-element-c7b72f4\" data-id=\"c7b72f4\" data-element_type=\"column\" data-e-type=\"column\">\n\t\t\t<div class=\"elementor-widget-wrap elementor-element-populated\">\n\t\t\t\t\t\t<div class=\"elementor-element elementor-element-184758a elementor-widget elementor-widget-text-editor\" data-id=\"184758a\" data-element_type=\"widget\" data-e-type=\"widget\" data-widget_type=\"text-editor.default\">\n\t\t\t\t<div class=\"elementor-widget-container\">\n\t\t\t\t\t\t\t\t\t<p class=\"cvGsUA direction-ltr align-start para-style-body\"><span class=\"OYPEnA font-feature-liga-off font-feature-clig-off font-feature-calt-off text-decoration-none text-strikethrough-none\"><img decoding=\"async\" class=\"size-medium wp-image-6594 alignleft\" src=\"https:\/\/karlamozzo.com\/wp-content\/uploads\/2025\/03\/3-1719518578490-225x300.jpeg\" alt=\"\" width=\"225\" height=\"300\" srcset=\"https:\/\/karlamozzo.com\/wp-content\/uploads\/2025\/03\/3-1719518578490-225x300.jpeg 225w, https:\/\/karlamozzo.com\/wp-content\/uploads\/2025\/03\/3-1719518578490-768x1024.jpeg 768w, https:\/\/karlamozzo.com\/wp-content\/uploads\/2025\/03\/3-1719518578490-1152x1536.jpeg 1152w, https:\/\/karlamozzo.com\/wp-content\/uploads\/2025\/03\/3-1719518578490-600x800.jpeg 600w, https:\/\/karlamozzo.com\/wp-content\/uploads\/2025\/03\/3-1719518578490.jpeg 1280w\" sizes=\"(max-width: 225px) 100vw, 225px\" \/><\/span><span class=\"OYPEnA font-feature-liga-off font-feature-clig-off font-feature-calt-off text-decoration-none text-strikethrough-none\">All the efforts we make add up; I have worked creating a culture of peace my entire career. The cultural change program I directed for 3 years won 2nd place nationally in the United Nations Global Compact, where sustainable business practices are promoted.<\/span><\/p><p>Being in charge of the strategy for VW's Integrity Program in Mexico, I was able to intensively implement a change program, adapting to the pandemic and intercultural challenges.<\/p><p>With over a decade of experience creating the conditions for people to feel in a safe space to explore new ways of relating to themselves and others; today I accompany the change processes that arise in the workplace with systemic impact tools, starting from individual work.<\/p><p class=\"cvGsUA direction-ltr align-start para-style-body\">\u00a0<\/p>\t\t\t\t\t\t\t\t<\/div>\n\t\t\t\t<\/div>\n\t\t\t\t\t<\/div>\n\t\t<\/div>\n\t\t\t\t\t<\/div>\n\t\t<\/section>\n\t\t\t\t<section class=\"elementor-section elementor-top-section elementor-element elementor-element-6756577 elementor-section-boxed elementor-section-height-default elementor-section-height-default\" data-id=\"6756577\" data-element_type=\"section\" data-e-type=\"section\">\n\t\t\t\t\t\t<div class=\"elementor-container elementor-column-gap-default\">\n\t\t\t\t\t<div class=\"elementor-column elementor-col-50 elementor-top-column elementor-element elementor-element-66f2d96\" data-id=\"66f2d96\" data-element_type=\"column\" data-e-type=\"column\">\n\t\t\t<div class=\"elementor-widget-wrap elementor-element-populated\">\n\t\t\t\t\t\t<div class=\"elementor-element elementor-element-3f28f0c elementor-widget elementor-widget-image\" data-id=\"3f28f0c\" data-element_type=\"widget\" data-e-type=\"widget\" data-widget_type=\"image.default\">\n\t\t\t\t<div class=\"elementor-widget-container\">\n\t\t\t\t\t\t\t\t\t\t\t\t\t\t\t<img decoding=\"async\" src=\"https:\/\/karlamozzo.com\/wp-content\/uploads\/elementor\/thumbs\/6-1648834332330-e1744348199135-r46qqdjxvk19smfhq8se0oal3l3i6352pem6kzr9ee.jpeg\" title=\"6 1648834332330\" alt=\"6 1648834332330\" loading=\"lazy\" \/>\t\t\t\t\t\t\t\t\t\t\t\t\t\t\t<\/div>\n\t\t\t\t<\/div>\n\t\t\t\t\t<\/div>\n\t\t<\/div>\n\t\t\t\t<div class=\"elementor-column elementor-col-50 elementor-top-column elementor-element elementor-element-024033a\" data-id=\"024033a\" data-element_type=\"column\" data-e-type=\"column\">\n\t\t\t<div class=\"elementor-widget-wrap elementor-element-populated\">\n\t\t\t\t\t\t<div class=\"elementor-element elementor-element-563ed77 elementor-widget elementor-widget-image\" data-id=\"563ed77\" data-element_type=\"widget\" data-e-type=\"widget\" data-widget_type=\"image.default\">\n\t\t\t\t<div class=\"elementor-widget-container\">\n\t\t\t\t\t\t\t\t\t\t\t\t\t\t\t<img loading=\"lazy\" decoding=\"async\" width=\"800\" height=\"495\" src=\"https:\/\/karlamozzo.com\/wp-content\/uploads\/2025\/03\/5-celebracion_audi_mexico_de_izquierda_a_derecha_adam_pasternak_axel_strotbek_alfons_dintner_dr._hubert_waltl-1.jpg\" class=\"attachment-full size-full wp-image-6597\" alt=\"\" srcset=\"https:\/\/karlamozzo.com\/wp-content\/uploads\/2025\/03\/5-celebracion_audi_mexico_de_izquierda_a_derecha_adam_pasternak_axel_strotbek_alfons_dintner_dr._hubert_waltl-1.jpg 800w, https:\/\/karlamozzo.com\/wp-content\/uploads\/2025\/03\/5-celebracion_audi_mexico_de_izquierda_a_derecha_adam_pasternak_axel_strotbek_alfons_dintner_dr._hubert_waltl-1-300x186.jpg 300w, https:\/\/karlamozzo.com\/wp-content\/uploads\/2025\/03\/5-celebracion_audi_mexico_de_izquierda_a_derecha_adam_pasternak_axel_strotbek_alfons_dintner_dr._hubert_waltl-1-768x475.jpg 768w, https:\/\/karlamozzo.com\/wp-content\/uploads\/2025\/03\/5-celebracion_audi_mexico_de_izquierda_a_derecha_adam_pasternak_axel_strotbek_alfons_dintner_dr._hubert_waltl-1-600x371.jpg 600w\" sizes=\"(max-width: 800px) 100vw, 800px\" \/>\t\t\t\t\t\t\t\t\t\t\t\t\t\t\t<\/div>\n\t\t\t\t<\/div>\n\t\t\t\t\t<\/div>\n\t\t<\/div>\n\t\t\t\t\t<\/div>\n\t\t<\/section>\n\t\t\t\t<section class=\"elementor-section elementor-top-section elementor-element elementor-element-428a3ac elementor-section-boxed elementor-section-height-default elementor-section-height-default\" data-id=\"428a3ac\" data-element_type=\"section\" data-e-type=\"section\">\n\t\t\t\t\t\t<div class=\"elementor-container elementor-column-gap-default\">\n\t\t\t\t\t<div class=\"elementor-column elementor-col-100 elementor-top-column elementor-element elementor-element-deeffd3\" data-id=\"deeffd3\" data-element_type=\"column\" data-e-type=\"column\">\n\t\t\t<div class=\"elementor-widget-wrap\">\n\t\t\t\t\t\t\t<\/div>\n\t\t<\/div>\n\t\t\t\t\t<\/div>\n\t\t<\/section>\n\t\t\t\t<section class=\"elementor-section elementor-top-section elementor-element elementor-element-8751beb elementor-section-boxed elementor-section-height-default elementor-section-height-default\" data-id=\"8751beb\" data-element_type=\"section\" data-e-type=\"section\">\n\t\t\t\t\t\t<div class=\"elementor-container elementor-column-gap-default\">\n\t\t\t\t\t<div class=\"elementor-column elementor-col-100 elementor-top-column elementor-element elementor-element-addb7c4\" data-id=\"addb7c4\" data-element_type=\"column\" data-e-type=\"column\">\n\t\t\t<div class=\"elementor-widget-wrap elementor-element-populated\">\n\t\t\t\t\t\t<div class=\"elementor-element elementor-element-60fbd55 elementor-widget elementor-widget-doob-call-to-action\" data-id=\"60fbd55\" data-element_type=\"widget\" data-e-type=\"widget\" data-widget_type=\"doob-call-to-action.default\">\n\t\t\t\t<div class=\"elementor-widget-container\">\n\t\t\t\t\t            <div class=\"rainbow-callto-action clltoaction-style-default style-4 bg-solid bg-color-blackest\">\r\n                <div class=\"align-items-center content-wrapper theme-shape\">\r\n                    <div class=\"inner\">\r\n                        <div class=\"container\">\r\n                            <div class=\"content section-title text-center\">\r\n                                            \r\n                            <h2 class=\"title w-600 mb--20\">\r\n                    <span> Would you like to build a space of collaboration and well-being in your workplace but don't know where to start? <\/span> <br>\r\n                                    <\/h2>\r\n                                                                                                    <div class=\"call-to-btn sal-animate\">\r\n                                        <a href=\"https:\/\/karlamozzo.com\/en\/tienda\/\" class=\"rbt-button  btn-default btn-medium\"><span class=\"button-text\">Join us<\/span>  <\/a>                                    <\/div>\r\n                                                            <\/div>\r\n                        <\/div>\r\n                    <\/div>\r\n                <\/div>\r\n            <\/div>\r\n        \t\t\t\t<\/div>\n\t\t\t\t<\/div>\n\t\t\t\t\t<\/div>\n\t\t<\/div>\n\t\t\t\t\t<\/div>\n\t\t<\/section>\n\t\t\t\t<\/div>","protected":false},"excerpt":{"rendered":"<p>Hay culturas organizacionales que todav\u00eda operan desde la mentalidad de separaci\u00f3n donde usar el poder sobre otros y poner a competir a los colaboradores entre ellos en lugar de promover la colaboraci\u00f3n es lo que se vive d\u00eda a d\u00eda.\u00a0 Lograr llevar estas organizaciones a una mentalidad de unidad para que logren cumplir sus metas [&hellip;]<\/p>\n","protected":false},"author":1,"featured_media":0,"parent":0,"menu_order":0,"comment_status":"closed","ping_status":"closed","template":"elementor_header_footer","meta":{"_acf_changed":false,"om_disable_all_campaigns":false,"_monsterinsights_skip_tracking":false,"_monsterinsights_sitenote_active":false,"_monsterinsights_sitenote_note":"","_monsterinsights_sitenote_category":0,"footnotes":""},"class_list":["post-6424","page","type-page","status-publish","hentry"],"acf":[],"aioseo_notices":[],"jetpack_sharing_enabled":true,"_links":{"self":[{"href":"https:\/\/karlamozzo.com\/en\/wp-json\/wp\/v2\/pages\/6424","targetHints":{"allow":["GET"]}}],"collection":[{"href":"https:\/\/karlamozzo.com\/en\/wp-json\/wp\/v2\/pages"}],"about":[{"href":"https:\/\/karlamozzo.com\/en\/wp-json\/wp\/v2\/types\/page"}],"author":[{"embeddable":true,"href":"https:\/\/karlamozzo.com\/en\/wp-json\/wp\/v2\/users\/1"}],"replies":[{"embeddable":true,"href":"https:\/\/karlamozzo.com\/en\/wp-json\/wp\/v2\/comments?post=6424"}],"version-history":[{"count":66,"href":"https:\/\/karlamozzo.com\/en\/wp-json\/wp\/v2\/pages\/6424\/revisions"}],"predecessor-version":[{"id":7296,"href":"https:\/\/karlamozzo.com\/en\/wp-json\/wp\/v2\/pages\/6424\/revisions\/7296"}],"wp:attachment":[{"href":"https:\/\/karlamozzo.com\/en\/wp-json\/wp\/v2\/media?parent=6424"}],"curies":[{"name":"wp","href":"https:\/\/api.w.org\/{rel}","templated":true}]}}