{"id":6436,"date":"2025-03-12T02:06:43","date_gmt":"2025-03-12T02:06:43","guid":{"rendered":"https:\/\/karlamozzo.com\/?page_id=6436"},"modified":"2025-10-15T21:11:54","modified_gmt":"2025-10-15T21:11:54","slug":"neurodivergencia","status":"publish","type":"page","link":"https:\/\/karlamozzo.com\/en\/neurodivergencia\/","title":{"rendered":"Neurodivergence"},"content":{"rendered":"<div data-elementor-type=\"wp-page\" data-elementor-id=\"6436\" class=\"elementor elementor-6436\">\n\t\t\t\t\t\t<section class=\"elementor-section elementor-top-section elementor-element elementor-element-fece6d0 elementor-section-boxed elementor-section-height-default elementor-section-height-default\" data-id=\"fece6d0\" data-element_type=\"section\" data-e-type=\"section\">\n\t\t\t\t\t\t<div class=\"elementor-container elementor-column-gap-default\">\n\t\t\t\t\t<div class=\"elementor-column elementor-col-100 elementor-top-column elementor-element elementor-element-5895201\" data-id=\"5895201\" data-element_type=\"column\" data-e-type=\"column\">\n\t\t\t<div class=\"elementor-widget-wrap elementor-element-populated\">\n\t\t\t\t\t\t<div class=\"elementor-element elementor-element-14a9594 elementor-widget elementor-widget-doob-divider\" data-id=\"14a9594\" data-element_type=\"widget\" data-e-type=\"widget\" data-widget_type=\"doob-divider.default\">\n\t\t\t\t<div class=\"elementor-widget-container\">\n\t\t\t\t\t        <div class=\"rb-separator\">\r\n            <div class=\"divider-separator\"><\/div>\r\n        <\/div>\r\n        \t\t\t\t<\/div>\n\t\t\t\t<\/div>\n\t\t\t\t\t<\/div>\n\t\t<\/div>\n\t\t\t\t\t<\/div>\n\t\t<\/section>\n\t\t\t\t<section class=\"elementor-section elementor-top-section elementor-element elementor-element-0ab4034 elementor-section-boxed elementor-section-height-default elementor-section-height-default\" data-id=\"0ab4034\" data-element_type=\"section\" data-e-type=\"section\">\n\t\t\t\t\t\t<div class=\"elementor-container elementor-column-gap-default\">\n\t\t\t\t\t<div class=\"elementor-column elementor-col-100 elementor-top-column elementor-element elementor-element-513e496\" data-id=\"513e496\" data-element_type=\"column\" data-e-type=\"column\">\n\t\t\t<div class=\"elementor-widget-wrap elementor-element-populated\">\n\t\t\t\t\t\t<div class=\"elementor-element elementor-element-af76dec elementor-widget elementor-widget-doob-divider\" data-id=\"af76dec\" data-element_type=\"widget\" data-e-type=\"widget\" data-widget_type=\"doob-divider.default\">\n\t\t\t\t<div class=\"elementor-widget-container\">\n\t\t\t\t\t        <div class=\"rb-separator\">\r\n            <div class=\"divider-separator\"><\/div>\r\n        <\/div>\r\n        \t\t\t\t<\/div>\n\t\t\t\t<\/div>\n\t\t\t\t\t<\/div>\n\t\t<\/div>\n\t\t\t\t\t<\/div>\n\t\t<\/section>\n\t\t\t\t<section class=\"elementor-section elementor-top-section elementor-element elementor-element-7490ded elementor-section-boxed elementor-section-height-default elementor-section-height-default\" data-id=\"7490ded\" data-element_type=\"section\" data-e-type=\"section\">\n\t\t\t\t\t\t<div class=\"elementor-container elementor-column-gap-default\">\n\t\t\t\t\t<div class=\"elementor-column elementor-col-100 elementor-top-column elementor-element elementor-element-141ab86\" data-id=\"141ab86\" data-element_type=\"column\" data-e-type=\"column\">\n\t\t\t<div class=\"elementor-widget-wrap elementor-element-populated\">\n\t\t\t\t\t\t<div class=\"elementor-element elementor-element-9f4d523 elementor-widget elementor-widget-text-editor\" data-id=\"9f4d523\" data-element_type=\"widget\" data-e-type=\"widget\" data-widget_type=\"text-editor.default\">\n\t\t\t\t<div class=\"elementor-widget-container\">\n\t\t\t\t\t\t\t\t\t<p class=\"cvGsUA direction-ltr align-center para-style-body\"><img fetchpriority=\"high\" decoding=\"async\" class=\"wp-image-6621 size-doob-thumbnail-sm alignright\" src=\"https:\/\/karlamozzo.com\/wp-content\/uploads\/2025\/03\/ND1-407x304.jpg\" alt=\"\" width=\"407\" height=\"304\" srcset=\"https:\/\/karlamozzo.com\/wp-content\/uploads\/2025\/03\/ND1-407x304.jpg 407w, https:\/\/karlamozzo.com\/wp-content\/uploads\/2025\/03\/ND1-627x469.jpg 627w\" sizes=\"(max-width: 407px) 100vw, 407px\" \/><\/p><p class=\"cvGsUA direction-ltr align-start para-style-body\"><span class=\"OYPEnA font-feature-liga-off font-feature-clig-off font-feature-calt-off text-decoration-none text-strikethrough-none\">The experience of each neurodivergent person is unique, I mean that when you meet a person on the neurodivergent spectrum, you cannot generalize to everyone based on that experience, and approaching each one with empathetic curiosity is, for me, the most loving strategy.<\/span><\/p><p class=\"cvGsUA direction-ltr align-start para-style-body\"><span class=\"OYPEnA font-feature-liga-off font-feature-clig-off font-feature-calt-off text-decoration-none text-strikethrough-none\">There are characteristics that could be shared between autism and obsessive-compulsive disorder or between divergent attention and bipolarity; opening ourselves to a broader understanding of each person's sensitivities and needs leads us to be more aware of why the way the world is designed does not favor diversity, equity, or inclusion, and thus be able to make adaptations.<\/span><\/p><p class=\"cvGsUA direction-ltr align-start para-style-body\"><span class=\"OYPEnA font-feature-liga-off font-feature-clig-off font-feature-calt-off text-decoration-none text-strikethrough-none\">A diagnosis helps to make differences visible and for the environment (teachers, grandparents, uncles, even parents themselves) to understand the differences for which there are distinct support needs, with distinct strategies. It also gives meaning to the neurodivergent person as to why typical strategies don't work for them, recognizing the difficulties with empathy. <\/span><span class=\"OYPEnA font-feature-liga-off font-feature-clig-off font-feature-calt-off text-decoration-none text-strikethrough-none\">Knowing, recognizing, normalizing, and including new strategies is a process to which we can all contribute.<\/span><\/p><p class=\"cvGsUA direction-ltr align-start para-style-body\"><span class=\"OYPEnA font-feature-liga-off font-feature-clig-off font-feature-calt-off text-decoration-none text-strikethrough-none\"><img decoding=\"async\" class=\"alignright wp-image-7168 size-large\" src=\"https:\/\/karlamozzo.com\/wp-content\/uploads\/2025\/10\/Metodo-KM-1024x576.jpg\" alt=\"\" width=\"640\" height=\"360\" srcset=\"https:\/\/karlamozzo.com\/wp-content\/uploads\/2025\/10\/Metodo-KM-1024x576.jpg 1024w, https:\/\/karlamozzo.com\/wp-content\/uploads\/2025\/10\/Metodo-KM-300x169.jpg 300w, https:\/\/karlamozzo.com\/wp-content\/uploads\/2025\/10\/Metodo-KM-768x432.jpg 768w, https:\/\/karlamozzo.com\/wp-content\/uploads\/2025\/10\/Metodo-KM-1536x864.jpg 1536w, https:\/\/karlamozzo.com\/wp-content\/uploads\/2025\/10\/Metodo-KM-1320x743.jpg 1320w, https:\/\/karlamozzo.com\/wp-content\/uploads\/2025\/10\/Metodo-KM-600x338.jpg 600w, https:\/\/karlamozzo.com\/wp-content\/uploads\/2025\/10\/Metodo-KM.jpg 1920w\" sizes=\"(max-width: 640px) 100vw, 640px\" \/>Keeping this in mind helps us to have more empathy and develop connection skills among everyone.<\/span><\/p><h5>The methodology I use to accompany individuals or groups combines Nonviolent Communication tools and relational neurosciences to achieve a change in the way we interact and communicate.<\/h5><p>There are 8 steps. The first three lead us to slow down and accompany what has been triggered. Steps 4 and 5 help us understand what we are caring for and empathetically nurture our experience. The last 3 steps help us create new connections, ways of acting, or habits that allow us to improve our relationship with ourselves and with others.<\/p>\t\t\t\t\t\t\t\t<\/div>\n\t\t\t\t<\/div>\n\t\t\t\t\t<\/div>\n\t\t<\/div>\n\t\t\t\t\t<\/div>\n\t\t<\/section>\n\t\t\t\t<section class=\"elementor-section elementor-top-section elementor-element elementor-element-85fc8ac elementor-section-boxed elementor-section-height-default elementor-section-height-default\" data-id=\"85fc8ac\" data-element_type=\"section\" data-e-type=\"section\">\n\t\t\t\t\t\t<div class=\"elementor-container elementor-column-gap-default\">\n\t\t\t\t\t<div class=\"elementor-column elementor-col-50 elementor-top-column elementor-element elementor-element-6b68bdc\" data-id=\"6b68bdc\" data-element_type=\"column\" data-e-type=\"column\">\n\t\t\t<div class=\"elementor-widget-wrap elementor-element-populated\">\n\t\t\t\t\t\t<div class=\"elementor-element elementor-element-200c8fe elementor-widget elementor-widget-image\" data-id=\"200c8fe\" data-element_type=\"widget\" data-e-type=\"widget\" data-widget_type=\"image.default\">\n\t\t\t\t<div class=\"elementor-widget-container\">\n\t\t\t\t\t\t\t\t\t\t\t\t\t\t\t<img decoding=\"async\" width=\"600\" height=\"400\" src=\"https:\/\/karlamozzo.com\/wp-content\/uploads\/2025\/03\/NV2.webp\" class=\"attachment-large size-large wp-image-6622\" alt=\"\" srcset=\"https:\/\/karlamozzo.com\/wp-content\/uploads\/2025\/03\/NV2.webp 600w, https:\/\/karlamozzo.com\/wp-content\/uploads\/2025\/03\/NV2-300x200.webp 300w\" sizes=\"(max-width: 600px) 100vw, 600px\" \/>\t\t\t\t\t\t\t\t\t\t\t\t\t\t\t<\/div>\n\t\t\t\t<\/div>\n\t\t\t\t\t<\/div>\n\t\t<\/div>\n\t\t\t\t<div class=\"elementor-column elementor-col-50 elementor-top-column elementor-element elementor-element-5d53b1d\" data-id=\"5d53b1d\" data-element_type=\"column\" data-e-type=\"column\">\n\t\t\t<div class=\"elementor-widget-wrap elementor-element-populated\">\n\t\t\t\t\t\t<div class=\"elementor-element elementor-element-c6c66aa elementor-widget elementor-widget-text-editor\" data-id=\"c6c66aa\" data-element_type=\"widget\" data-e-type=\"widget\" data-widget_type=\"text-editor.default\">\n\t\t\t\t<div class=\"elementor-widget-container\">\n\t\t\t\t\t\t\t\t\t<p class=\"cvGsUA direction-ltr align-start para-style-body\"><span class=\"OYPEnA font-feature-liga-off font-feature-clig-off font-feature-calt-off text-decoration-none text-strikethrough-none\">Creating a safe space for the development and well-being of everyone is an activity that makes more sense to do in community because among all of us, by sharing what our needs are and the strategies we are using to meet them, we fill ourselves with options and ideas to continue creating connection.<\/span><\/p><p class=\"cvGsUA direction-ltr align-start para-style-body\"><span class=\"OYPEnA font-feature-liga-off font-feature-clig-off font-feature-calt-off text-decoration-none text-strikethrough-none\">Meeting people who share experiences with us gives us the feeling of not being alone, and that builds the safe space to live from our most authentic response without so many external conditionings, which is why I share what I know and what I have experienced on different platforms such as talks in institutions, podcasts, TikToks, etc.<\/span><\/p><p class=\"cvGsUA direction-ltr align-start para-style-body\"><span class=\"OYPEnA font-feature-liga-off font-feature-clig-off font-feature-calt-off text-decoration-none text-strikethrough-none\">My methodology is designed to create that community and to explore and build together.<\/span><\/p>\t\t\t\t\t\t\t\t<\/div>\n\t\t\t\t<\/div>\n\t\t\t\t\t<\/div>\n\t\t<\/div>\n\t\t\t\t\t<\/div>\n\t\t<\/section>\n\t\t\t\t<section class=\"elementor-section elementor-top-section elementor-element elementor-element-7571d1a elementor-section-boxed elementor-section-height-default elementor-section-height-default\" data-id=\"7571d1a\" data-element_type=\"section\" data-e-type=\"section\">\n\t\t\t\t\t\t<div class=\"elementor-container elementor-column-gap-default\">\n\t\t\t\t\t<div class=\"elementor-column elementor-col-33 elementor-top-column elementor-element elementor-element-1ad30cd\" data-id=\"1ad30cd\" data-element_type=\"column\" data-e-type=\"column\">\n\t\t\t<div class=\"elementor-widget-wrap elementor-element-populated\">\n\t\t\t\t\t\t<div class=\"elementor-element elementor-element-d199439 elementor-widget elementor-widget-image\" data-id=\"d199439\" data-element_type=\"widget\" data-e-type=\"widget\" data-widget_type=\"image.default\">\n\t\t\t\t<div class=\"elementor-widget-container\">\n\t\t\t\t\t\t\t\t\t\t\t\t\t\t\t<img loading=\"lazy\" decoding=\"async\" width=\"640\" height=\"960\" src=\"https:\/\/karlamozzo.com\/wp-content\/uploads\/2025\/03\/neurodivergencia1-1.jpg\" class=\"attachment-large size-large wp-image-6601\" alt=\"\" srcset=\"https:\/\/karlamozzo.com\/wp-content\/uploads\/2025\/03\/neurodivergencia1-1.jpg 667w, https:\/\/karlamozzo.com\/wp-content\/uploads\/2025\/03\/neurodivergencia1-1-200x300.jpg 200w, https:\/\/karlamozzo.com\/wp-content\/uploads\/2025\/03\/neurodivergencia1-1-600x900.jpg 600w\" sizes=\"(max-width: 640px) 100vw, 640px\" \/>\t\t\t\t\t\t\t\t\t\t\t\t\t\t\t<\/div>\n\t\t\t\t<\/div>\n\t\t\t\t\t<\/div>\n\t\t<\/div>\n\t\t\t\t<div class=\"elementor-column elementor-col-33 elementor-top-column elementor-element elementor-element-3edcbef\" data-id=\"3edcbef\" data-element_type=\"column\" data-e-type=\"column\">\n\t\t\t<div class=\"elementor-widget-wrap elementor-element-populated\">\n\t\t\t\t\t\t<div class=\"elementor-element elementor-element-6fa219c elementor-widget elementor-widget-image\" data-id=\"6fa219c\" data-element_type=\"widget\" data-e-type=\"widget\" data-widget_type=\"image.default\">\n\t\t\t\t<div class=\"elementor-widget-container\">\n\t\t\t\t\t\t\t\t\t\t\t\t\t\t\t<img loading=\"lazy\" decoding=\"async\" width=\"640\" height=\"800\" src=\"https:\/\/karlamozzo.com\/wp-content\/uploads\/2025\/03\/Neurodivergencia2-1-819x1024.jpg\" class=\"attachment-large size-large wp-image-6603\" alt=\"\" srcset=\"https:\/\/karlamozzo.com\/wp-content\/uploads\/2025\/03\/Neurodivergencia2-1-819x1024.jpg 819w, https:\/\/karlamozzo.com\/wp-content\/uploads\/2025\/03\/Neurodivergencia2-1-240x300.jpg 240w, https:\/\/karlamozzo.com\/wp-content\/uploads\/2025\/03\/Neurodivergencia2-1-768x960.jpg 768w, https:\/\/karlamozzo.com\/wp-content\/uploads\/2025\/03\/Neurodivergencia2-1-600x750.jpg 600w, https:\/\/karlamozzo.com\/wp-content\/uploads\/2025\/03\/Neurodivergencia2-1.jpg 1080w\" sizes=\"(max-width: 640px) 100vw, 640px\" \/>\t\t\t\t\t\t\t\t\t\t\t\t\t\t\t<\/div>\n\t\t\t\t<\/div>\n\t\t\t\t\t<\/div>\n\t\t<\/div>\n\t\t\t\t<div class=\"elementor-column elementor-col-33 elementor-top-column elementor-element elementor-element-e491c3d\" data-id=\"e491c3d\" data-element_type=\"column\" data-e-type=\"column\">\n\t\t\t<div class=\"elementor-widget-wrap elementor-element-populated\">\n\t\t\t\t\t\t<div class=\"elementor-element elementor-element-f456f69 elementor-widget elementor-widget-image\" data-id=\"f456f69\" data-element_type=\"widget\" data-e-type=\"widget\" data-widget_type=\"image.default\">\n\t\t\t\t<div class=\"elementor-widget-container\">\n\t\t\t\t\t\t\t\t\t\t\t\t\t\t\t<img loading=\"lazy\" decoding=\"async\" width=\"640\" height=\"640\" src=\"https:\/\/karlamozzo.com\/wp-content\/uploads\/2025\/03\/Neurodivergencia3-1024x1024.jpeg\" class=\"attachment-large size-large wp-image-6602\" alt=\"\" srcset=\"https:\/\/karlamozzo.com\/wp-content\/uploads\/2025\/03\/Neurodivergencia3-1024x1024.jpeg 1024w, https:\/\/karlamozzo.com\/wp-content\/uploads\/2025\/03\/Neurodivergencia3-300x300.jpeg 300w, https:\/\/karlamozzo.com\/wp-content\/uploads\/2025\/03\/Neurodivergencia3-150x150.jpeg 150w, https:\/\/karlamozzo.com\/wp-content\/uploads\/2025\/03\/Neurodivergencia3-768x768.jpeg 768w, https:\/\/karlamozzo.com\/wp-content\/uploads\/2025\/03\/Neurodivergencia3-600x600.jpeg 600w, https:\/\/karlamozzo.com\/wp-content\/uploads\/2025\/03\/Neurodivergencia3-100x100.jpeg 100w, https:\/\/karlamozzo.com\/wp-content\/uploads\/2025\/03\/Neurodivergencia3.jpeg 1080w\" sizes=\"(max-width: 640px) 100vw, 640px\" \/>\t\t\t\t\t\t\t\t\t\t\t\t\t\t\t<\/div>\n\t\t\t\t<\/div>\n\t\t\t\t\t<\/div>\n\t\t<\/div>\n\t\t\t\t\t<\/div>\n\t\t<\/section>\n\t\t\t\t<section class=\"elementor-section elementor-top-section elementor-element elementor-element-60da7c5 elementor-section-boxed elementor-section-height-default elementor-section-height-default\" data-id=\"60da7c5\" data-element_type=\"section\" data-e-type=\"section\">\n\t\t\t\t\t\t<div class=\"elementor-container elementor-column-gap-default\">\n\t\t\t\t\t<div class=\"elementor-column elementor-col-100 elementor-top-column elementor-element elementor-element-32a1647\" data-id=\"32a1647\" data-element_type=\"column\" data-e-type=\"column\">\n\t\t\t<div class=\"elementor-widget-wrap elementor-element-populated\">\n\t\t\t\t\t\t<div class=\"elementor-element elementor-element-5181c7f elementor-widget elementor-widget-doob-divider\" data-id=\"5181c7f\" data-element_type=\"widget\" data-e-type=\"widget\" data-widget_type=\"doob-divider.default\">\n\t\t\t\t<div class=\"elementor-widget-container\">\n\t\t\t\t\t        <div class=\"rb-separator\">\r\n            <div class=\"divider-separator\"><\/div>\r\n        <\/div>\r\n        \t\t\t\t<\/div>\n\t\t\t\t<\/div>\n\t\t\t\t<div class=\"elementor-element elementor-element-6fd473f elementor-widget elementor-widget-doob-call-to-action\" data-id=\"6fd473f\" data-element_type=\"widget\" data-e-type=\"widget\" data-widget_type=\"doob-call-to-action.default\">\n\t\t\t\t<div class=\"elementor-widget-container\">\n\t\t\t\t\t            <div class=\"rainbow-callto-action clltoaction-style-default style-4 bg-solid bg-color-blackest\">\r\n                <div class=\"align-items-center content-wrapper theme-shape\">\r\n                    <div class=\"inner\">\r\n                        <div class=\"container\">\r\n                            <div class=\"content section-title text-center\">\r\n                                            \r\n                            <h2 class=\"title w-600 mb--20\">\r\n                    <span> Would you like a space to be your most authentic self in an empathetic and trusting environment? <\/span> <br>\r\n                                    <\/h2>\r\n                                                                                                    <div class=\"call-to-btn sal-animate\">\r\n                                        <a href=\"https:\/\/karlamozzo.com\/en\/tienda\/\" target=\"_self\" rel=\"nofollow\" class=\"rbt-button  btn-default btn-medium\"><span class=\"button-text\">Join us<\/span>  <\/a>                                    <\/div>\r\n                                                            <\/div>\r\n                        <\/div>\r\n                    <\/div>\r\n                <\/div>\r\n            <\/div>\r\n        \t\t\t\t<\/div>\n\t\t\t\t<\/div>\n\t\t\t\t\t<\/div>\n\t\t<\/div>\n\t\t\t\t\t<\/div>\n\t\t<\/section>\n\t\t\t\t<\/div>","protected":false},"excerpt":{"rendered":"<p>La experiencia de cada persona neurodivergente es \u00fanica, me refiero a que cuando conoces a una personas en el espectro neurodivergente no puedes generalizar a todos bas\u00e1ndote en esa experiencia y acercarnos a cada uno con curiosidad emp\u00e1tica es, para mi, la estrategia m\u00e1s amorosa. Hay caracter\u00edsticas que se podr\u00edan compartirse entre autismo y la [&hellip;]<\/p>\n","protected":false},"author":1,"featured_media":0,"parent":0,"menu_order":0,"comment_status":"closed","ping_status":"closed","template":"elementor_header_footer","meta":{"_acf_changed":false,"om_disable_all_campaigns":false,"_monsterinsights_skip_tracking":false,"_monsterinsights_sitenote_active":false,"_monsterinsights_sitenote_note":"","_monsterinsights_sitenote_category":0,"footnotes":""},"class_list":["post-6436","page","type-page","status-publish","hentry"],"acf":[],"aioseo_notices":[],"jetpack_sharing_enabled":true,"_links":{"self":[{"href":"https:\/\/karlamozzo.com\/en\/wp-json\/wp\/v2\/pages\/6436","targetHints":{"allow":["GET"]}}],"collection":[{"href":"https:\/\/karlamozzo.com\/en\/wp-json\/wp\/v2\/pages"}],"about":[{"href":"https:\/\/karlamozzo.com\/en\/wp-json\/wp\/v2\/types\/page"}],"author":[{"embeddable":true,"href":"https:\/\/karlamozzo.com\/en\/wp-json\/wp\/v2\/users\/1"}],"replies":[{"embeddable":true,"href":"https:\/\/karlamozzo.com\/en\/wp-json\/wp\/v2\/comments?post=6436"}],"version-history":[{"count":61,"href":"https:\/\/karlamozzo.com\/en\/wp-json\/wp\/v2\/pages\/6436\/revisions"}],"predecessor-version":[{"id":7187,"href":"https:\/\/karlamozzo.com\/en\/wp-json\/wp\/v2\/pages\/6436\/revisions\/7187"}],"wp:attachment":[{"href":"https:\/\/karlamozzo.com\/en\/wp-json\/wp\/v2\/media?parent=6436"}],"curies":[{"name":"wp","href":"https:\/\/api.w.org\/{rel}","templated":true}]}}