{"id":6448,"date":"2025-03-12T02:40:08","date_gmt":"2025-03-12T02:40:08","guid":{"rendered":"https:\/\/karlamozzo.com\/?page_id=6448"},"modified":"2025-10-15T20:42:57","modified_gmt":"2025-10-15T20:42:57","slug":"familia","status":"publish","type":"page","link":"https:\/\/karlamozzo.com\/en\/familia\/","title":{"rendered":"Family"},"content":{"rendered":"<div data-elementor-type=\"wp-page\" data-elementor-id=\"6448\" class=\"elementor elementor-6448\">\n\t\t\t\t\t\t<section class=\"elementor-section elementor-top-section elementor-element elementor-element-7849e13 elementor-section-boxed elementor-section-height-default elementor-section-height-default\" data-id=\"7849e13\" data-element_type=\"section\" data-e-type=\"section\">\n\t\t\t\t\t\t<div class=\"elementor-container elementor-column-gap-default\">\n\t\t\t\t\t<div class=\"elementor-column elementor-col-100 elementor-top-column elementor-element elementor-element-4c9b6ce\" data-id=\"4c9b6ce\" data-element_type=\"column\" data-e-type=\"column\">\n\t\t\t<div class=\"elementor-widget-wrap elementor-element-populated\">\n\t\t\t\t\t\t<div class=\"elementor-element elementor-element-e0dce22 elementor-widget elementor-widget-doob-divider\" data-id=\"e0dce22\" data-element_type=\"widget\" data-e-type=\"widget\" data-widget_type=\"doob-divider.default\">\n\t\t\t\t<div class=\"elementor-widget-container\">\n\t\t\t\t\t        <div class=\"rb-separator\">\r\n            <div class=\"divider-separator\"><\/div>\r\n        <\/div>\r\n        \t\t\t\t<\/div>\n\t\t\t\t<\/div>\n\t\t\t\t\t<\/div>\n\t\t<\/div>\n\t\t\t\t\t<\/div>\n\t\t<\/section>\n\t\t\t\t<section class=\"elementor-section elementor-top-section elementor-element elementor-element-377033de elementor-section-boxed elementor-section-height-default elementor-section-height-default\" data-id=\"377033de\" data-element_type=\"section\" data-e-type=\"section\">\n\t\t\t\t\t\t<div class=\"elementor-container elementor-column-gap-default\">\n\t\t\t\t\t<div class=\"elementor-column elementor-col-100 elementor-top-column elementor-element elementor-element-27948605\" data-id=\"27948605\" data-element_type=\"column\" data-e-type=\"column\">\n\t\t\t<div class=\"elementor-widget-wrap elementor-element-populated\">\n\t\t\t\t\t\t<div class=\"elementor-element elementor-element-317925e5 elementor-widget elementor-widget-doob-divider\" data-id=\"317925e5\" data-element_type=\"widget\" data-e-type=\"widget\" data-widget_type=\"doob-divider.default\">\n\t\t\t\t<div class=\"elementor-widget-container\">\n\t\t\t\t\t        <div class=\"rb-separator\">\r\n            <div class=\"divider-separator\"><\/div>\r\n        <\/div>\r\n        \t\t\t\t<\/div>\n\t\t\t\t<\/div>\n\t\t\t\t\t<\/div>\n\t\t<\/div>\n\t\t\t\t\t<\/div>\n\t\t<\/section>\n\t\t\t\t<section class=\"elementor-section elementor-top-section elementor-element elementor-element-623b4af elementor-section-boxed elementor-section-height-default elementor-section-height-default\" data-id=\"623b4af\" data-element_type=\"section\" data-e-type=\"section\">\n\t\t\t\t\t\t<div class=\"elementor-container elementor-column-gap-default\">\n\t\t\t\t\t<div class=\"elementor-column elementor-col-100 elementor-top-column elementor-element elementor-element-edb1032\" data-id=\"edb1032\" data-element_type=\"column\" data-e-type=\"column\">\n\t\t\t<div class=\"elementor-widget-wrap elementor-element-populated\">\n\t\t\t\t\t\t<div class=\"elementor-element elementor-element-905ded8 elementor-widget elementor-widget-text-editor\" data-id=\"905ded8\" data-element_type=\"widget\" data-e-type=\"widget\" data-widget_type=\"text-editor.default\">\n\t\t\t\t<div class=\"elementor-widget-container\">\n\t\t\t\t\t\t\t\t\t<p class=\"cvGsUA direction-ltr align-center para-style-body\"><span class=\"OYPEnA font-feature-liga-off font-feature-clig-off font-feature-calt-off text-decoration-none text-strikethrough-none\"><img fetchpriority=\"high\" decoding=\"async\" class=\"alignleft wp-image-6616 size-full\" src=\"https:\/\/karlamozzo.com\/wp-content\/uploads\/2025\/03\/FE1.jpg\" alt=\"\" width=\"612\" height=\"408\" srcset=\"https:\/\/karlamozzo.com\/wp-content\/uploads\/2025\/03\/FE1.jpg 612w, https:\/\/karlamozzo.com\/wp-content\/uploads\/2025\/03\/FE1-300x200.jpg 300w, https:\/\/karlamozzo.com\/wp-content\/uploads\/2025\/03\/FE1-600x400.jpg 600w\" sizes=\"(max-width: 612px) 100vw, 612px\" \/>The family is the most important nucleus of society. I studied for a master's<\/span><span class=\"OYPEnA font-feature-liga-off font-feature-clig-off font-feature-calt-off text-decoration-none text-strikethrough-none\">degree in family development to understand a little more about the current state of our society and to be able to support the family as a pillar of the well-being of each individual and of society. <\/span><span style=\"font-size: var(--font-size-b2); font-weight: var(--p-regular); background-color: var(--color-white); font-family: var(--font-primary);\">What I learned led me to a great longing for families with more support, with more resources, something like tribes or communities.<\/span><\/p><h5 class=\"cvGsUA direction-ltr align-center para-style-body\"><strong><span style=\"font-size: var(--font-size-b2); background-color: var(--color-white); font-family: var(--font-primary);\"><span style=\"font-family: var(--font-primary);\">In the family counseling I provide, I delve into the family structure (Genogram) to identify transgenerational dynamics and use human design to understand individual characteristics. From this,<\/span><span style=\"font-family: var(--font-primary);\"> needs are recognized and strategies that work for the family are created.<\/span><\/span><\/strong><\/h5><p class=\"cvGsUA direction-ltr align-center para-style-body\"><span class=\"OYPEnA font-feature-liga-off font-feature-clig-off font-feature-calt-off text-decoration-none text-strikethrough-none\">Each generation does the best it can with what it has and \u201cw<\/span><span class=\"OYPEnA font-feature-liga-off font-feature-clig-off font-feature-calt-off text-decoration-none text-strikethrough-none\">hat they have\u201d<\/span><span class=\"OYPEnA font-feature-liga-off font-feature-clig-off font-feature-calt-off text-decoration-none text-strikethrough-none\"> are a series of resources and also a series of generational traumas due to what was experienced in their environment, be it conquests, revolutions, natural disasters... and that leaves the next generation with its series of resilience resources and also a series of<\/span><span class=\"OYPEnA font-feature-liga-off font-feature-clig-off font-feature-calt-off text-decoration-none text-strikethrough-none\"> trans-generational traumas with which they will do<\/span><span class=\"OYPEnA font-feature-liga-off font-feature-clig-off font-feature-calt-off text-decoration-none text-strikethrough-none\">\u00a0the best they can...<\/span><\/p>\t\t\t\t\t\t\t\t<\/div>\n\t\t\t\t<\/div>\n\t\t\t\t\t<\/div>\n\t\t<\/div>\n\t\t\t\t\t<\/div>\n\t\t<\/section>\n\t\t\t\t<section class=\"elementor-section elementor-top-section elementor-element elementor-element-d720d58 elementor-section-boxed elementor-section-height-default elementor-section-height-default\" data-id=\"d720d58\" data-element_type=\"section\" data-e-type=\"section\">\n\t\t\t\t\t\t<div class=\"elementor-container elementor-column-gap-default\">\n\t\t\t\t\t<div class=\"elementor-column elementor-col-100 elementor-top-column elementor-element elementor-element-d211e3d\" data-id=\"d211e3d\" data-element_type=\"column\" data-e-type=\"column\">\n\t\t\t<div class=\"elementor-widget-wrap elementor-element-populated\">\n\t\t\t\t\t\t<div class=\"elementor-element elementor-element-121d721 elementor-widget elementor-widget-text-editor\" data-id=\"121d721\" data-element_type=\"widget\" data-e-type=\"widget\" data-widget_type=\"text-editor.default\">\n\t\t\t\t<div class=\"elementor-widget-container\">\n\t\t\t\t\t\t\t\t\t<p class=\"cvGsUA direction-ltr align-start para-style-body\"><img decoding=\"async\" class=\"alignright wp-image-6617 size-full\" src=\"https:\/\/karlamozzo.com\/wp-content\/uploads\/2025\/03\/FE2.webp\" alt=\"\" width=\"600\" height=\"395\" srcset=\"https:\/\/karlamozzo.com\/wp-content\/uploads\/2025\/03\/FE2.webp 600w, https:\/\/karlamozzo.com\/wp-content\/uploads\/2025\/03\/FE2-300x198.webp 300w\" sizes=\"(max-width: 600px) 100vw, 600px\" \/><span class=\"OYPEnA font-feature-liga-off font-feature-clig-off font-feature-calt-off text-decoration-none text-strikethrough-none\">Many of our parents lived through situations that led them to believe that security came from managing to adjust to the rules imposed by those in power. They learned that one had to look out for oneself, compete, and be \u201cthe best\u201d to ensure survival at all costs; this strategy helped many of them ensure their family's survival, and they taught their children what worked for them.<\/span><\/p><p class=\"cvGsUA direction-ltr align-start para-style-body\"><span class=\"OYPEnA font-feature-liga-off font-feature-clig-off font-feature-calt-off text-decoration-none text-strikethrough-none\">Furthermore, many of our parents lived in an environment where emotions were not discussed, where there were no spaces for psychological safety. In recent years, science has finally been able to demonstrate that emotional intelligence is what allows for sustainable decision-making and that focusing solely on intellectual reasoning is what has led us to so much separation, so much violence, and so much pain.<\/span><\/p><h5 class=\"cvGsUA direction-ltr align-start para-style-body\"><span class=\"OYPEnA font-feature-liga-off font-feature-clig-off font-feature-calt-off text-decoration-none text-strikethrough-none\">Bert Hellinger says that \u201cEmotional chains are transmitted from generation to generation until someone conscious breaks them.\u201d. <\/span><span class=\"OYPEnA font-feature-liga-off font-feature-clig-off font-feature-calt-off text-decoration-none text-strikethrough-none\">In my accompaniment, we make these emotional chains visible with empathy and resonance to be able to break them and open new paths and new connections to stop repeating the past.<\/span><\/h5><p class=\"cvGsUA direction-ltr align-start para-style-body\"><span class=\"OYPEnA font-feature-liga-off font-feature-clig-off font-feature-calt-off text-decoration-none text-strikethrough-none\">Sometimes changes in consciousness come from events that happen to us in life, sometimes it is the most sensitive people who can feel these chains. Whatever the way you come to have consciousness, what is needed is a safe space to be able to name the chains, the need they covered, the cost they had, and the desire to break them to be able to start new paths that are more empathetic with ourselves and, as a result, more peaceful with others.<\/span><\/p><p class=\"cvGsUA direction-ltr align-start para-style-body\"><span class=\"OYPEnA font-feature-liga-off font-feature-clig-off font-feature-calt-off text-decoration-none text-strikethrough-none\">My methodology is created to accompany and support us in this consciousness and change of mindset using a form of communication that invites breaking patterns in community.\u00a0<\/span><\/p>\t\t\t\t\t\t\t\t<\/div>\n\t\t\t\t<\/div>\n\t\t\t\t\t<\/div>\n\t\t<\/div>\n\t\t\t\t\t<\/div>\n\t\t<\/section>\n\t\t\t\t<section class=\"elementor-section elementor-top-section elementor-element elementor-element-58b597eb elementor-section-boxed elementor-section-height-default elementor-section-height-default\" data-id=\"58b597eb\" data-element_type=\"section\" data-e-type=\"section\">\n\t\t\t\t\t\t<div class=\"elementor-container elementor-column-gap-extended\">\n\t\t\t\t\t<div class=\"elementor-column elementor-col-100 elementor-top-column elementor-element elementor-element-56c524f8\" data-id=\"56c524f8\" data-element_type=\"column\" data-e-type=\"column\">\n\t\t\t<div class=\"elementor-widget-wrap elementor-element-populated\">\n\t\t\t\t\t\t<div class=\"elementor-element elementor-element-63e1d92c elementor-widget elementor-widget-doob-call-to-action\" data-id=\"63e1d92c\" data-element_type=\"widget\" data-e-type=\"widget\" data-widget_type=\"doob-call-to-action.default\">\n\t\t\t\t<div class=\"elementor-widget-container\">\n\t\t\t\t\t            <div class=\"rainbow-callto-action clltoaction-style-default style-4 bg-solid bg-color-blackest\">\r\n                <div class=\"align-items-center content-wrapper theme-shape\">\r\n                    <div class=\"inner\">\r\n                        <div class=\"container\">\r\n                            <div class=\"content section-title text-center\">\r\n                                            \r\n                            <h2 class=\"title w-600 mb--20\">\r\n                    <span> Would you like the family space to be a place of more connection and support? <\/span> <br>\r\n                                    <\/h2>\r\n                                                                                                    <div class=\"call-to-btn sal-animate\">\r\n                                        <a href=\"https:\/\/karlamozzo.com\/en\/tienda\/\" target=\"_self\" rel=\"nofollow\" class=\"rbt-button  btn-default btn-medium\"><span class=\"button-text\">Join us<\/span> <i class=\"feather-arrow-right\"><\/i> <\/a>                                    <\/div>\r\n                                                            <\/div>\r\n                        <\/div>\r\n                    <\/div>\r\n                <\/div>\r\n            <\/div>\r\n        \t\t\t\t<\/div>\n\t\t\t\t<\/div>\n\t\t\t\t\t<\/div>\n\t\t<\/div>\n\t\t\t\t\t<\/div>\n\t\t<\/section>\n\t\t\t\t<\/div>","protected":false},"excerpt":{"rendered":"<p>La familia es el n\u00facleo mas importante de la sociedad. Estudi\u00e9 la maestr\u00eda en desarrollo familiar para entender un poco m\u00e1s el estado actual de nuestra sociedad y para poder apoyar a la familia como pilar del bienestar de cada individuo y de la sociedad. Lo que aprend\u00ed me llev\u00f3 a un gran anhelo de [&hellip;]<\/p>\n","protected":false},"author":1,"featured_media":0,"parent":0,"menu_order":0,"comment_status":"closed","ping_status":"closed","template":"elementor_header_footer","meta":{"_acf_changed":false,"om_disable_all_campaigns":false,"_monsterinsights_skip_tracking":false,"_monsterinsights_sitenote_active":false,"_monsterinsights_sitenote_note":"","_monsterinsights_sitenote_category":0,"footnotes":""},"class_list":["post-6448","page","type-page","status-publish","hentry"],"acf":[],"aioseo_notices":[],"jetpack_sharing_enabled":true,"_links":{"self":[{"href":"https:\/\/karlamozzo.com\/en\/wp-json\/wp\/v2\/pages\/6448","targetHints":{"allow":["GET"]}}],"collection":[{"href":"https:\/\/karlamozzo.com\/en\/wp-json\/wp\/v2\/pages"}],"about":[{"href":"https:\/\/karlamozzo.com\/en\/wp-json\/wp\/v2\/types\/page"}],"author":[{"embeddable":true,"href":"https:\/\/karlamozzo.com\/en\/wp-json\/wp\/v2\/users\/1"}],"replies":[{"embeddable":true,"href":"https:\/\/karlamozzo.com\/en\/wp-json\/wp\/v2\/comments?post=6448"}],"version-history":[{"count":26,"href":"https:\/\/karlamozzo.com\/en\/wp-json\/wp\/v2\/pages\/6448\/revisions"}],"predecessor-version":[{"id":7176,"href":"https:\/\/karlamozzo.com\/en\/wp-json\/wp\/v2\/pages\/6448\/revisions\/7176"}],"wp:attachment":[{"href":"https:\/\/karlamozzo.com\/en\/wp-json\/wp\/v2\/media?parent=6448"}],"curies":[{"name":"wp","href":"https:\/\/api.w.org\/{rel}","templated":true}]}}