{"id":6540,"date":"2025-03-27T17:07:19","date_gmt":"2025-03-27T17:07:19","guid":{"rendered":"https:\/\/karlamozzo.com\/?page_id=6540"},"modified":"2025-04-19T00:51:18","modified_gmt":"2025-04-19T00:51:18","slug":"sobre-mi-neurodivergencia-2","status":"publish","type":"page","link":"https:\/\/karlamozzo.com\/en\/sobre-mi-neurodivergencia-2\/","title":{"rendered":"My neurodivergence"},"content":{"rendered":"<div data-elementor-type=\"wp-page\" data-elementor-id=\"6540\" class=\"elementor elementor-6540\">\n\t\t\t\t\t\t<section class=\"elementor-section elementor-top-section elementor-element elementor-element-3db9b42a elementor-section-boxed elementor-section-height-default elementor-section-height-default\" data-id=\"3db9b42a\" data-element_type=\"section\" data-e-type=\"section\">\n\t\t\t\t\t\t<div class=\"elementor-container elementor-column-gap-default\">\n\t\t\t\t\t<div class=\"elementor-column elementor-col-100 elementor-top-column elementor-element elementor-element-6502953b\" data-id=\"6502953b\" data-element_type=\"column\" data-e-type=\"column\">\n\t\t\t<div class=\"elementor-widget-wrap elementor-element-populated\">\n\t\t\t\t\t\t<div class=\"elementor-element elementor-element-7142024e elementor-widget elementor-widget-text-editor\" data-id=\"7142024e\" data-element_type=\"widget\" data-e-type=\"widget\" data-widget_type=\"text-editor.default\">\n\t\t\t\t<div class=\"elementor-widget-container\">\n\t\t\t\t\t\t\t\t\t<p><img fetchpriority=\"high\" decoding=\"async\" class=\"alignleft wp-image-6543\" src=\"https:\/\/karlamozzo.com\/wp-content\/uploads\/2025\/03\/Karla-Mozzo_Alta-14-de-15-scaled-e1743811037223-700x1000.jpg\" alt=\"\" width=\"400\" height=\"494\" srcset=\"https:\/\/karlamozzo.com\/wp-content\/uploads\/2025\/03\/Karla-Mozzo_Alta-14-de-15-scaled-e1743811037223-243x300.jpg 243w, https:\/\/karlamozzo.com\/wp-content\/uploads\/2025\/03\/Karla-Mozzo_Alta-14-de-15-scaled-e1743811037223-829x1024.jpg 829w, https:\/\/karlamozzo.com\/wp-content\/uploads\/2025\/03\/Karla-Mozzo_Alta-14-de-15-scaled-e1743811037223-768x948.jpg 768w, https:\/\/karlamozzo.com\/wp-content\/uploads\/2025\/03\/Karla-Mozzo_Alta-14-de-15-scaled-e1743811037223-1244x1536.jpg 1244w, https:\/\/karlamozzo.com\/wp-content\/uploads\/2025\/03\/Karla-Mozzo_Alta-14-de-15-scaled-e1743811037223-1658x2048.jpg 1658w, https:\/\/karlamozzo.com\/wp-content\/uploads\/2025\/03\/Karla-Mozzo_Alta-14-de-15-scaled-e1743811037223-1320x1630.jpg 1320w, https:\/\/karlamozzo.com\/wp-content\/uploads\/2025\/03\/Karla-Mozzo_Alta-14-de-15-scaled-e1743811037223-600x741.jpg 600w, https:\/\/karlamozzo.com\/wp-content\/uploads\/2025\/03\/Karla-Mozzo_Alta-14-de-15-scaled-e1743811037223.jpg 1707w\" sizes=\"(max-width: 400px) 100vw, 400px\" \/><\/p>\n<p><!-- \/wp:paragraph --><!-- wp:image {\"align\":\"wide\",\"id\":373,\"sizeSlug\":\"large\",\"linkDestination\":\"none\"} --><\/p>\n<figure class=\"wp-block-image alignwide size-large\"><\/figure>\n<p><!-- \/wp:image --><!-- wp:paragraph --><\/p>\n<p><span class=\"OYPEnA font-feature-liga-off font-feature-clig-off font-feature-calt-off text-decoration-none text-strikethrough-none\">I was always a very different person, I liked being alone, close to nature, I asked many questions and my sense of justice has always led me to speak up even against my own well-being. The two adjectives I heard most in my life were challenging and intelligent. During my master's degree, studying the DSM, I had the thought that I might be neurodivergent (at that time another term was used) but the psychologist I consulted told me that I did not meet the criteria to start the diagnosis.<\/span><\/p>\n<p class=\"cvGsUA direction-ltr align-center para-style-body\"><span class=\"OYPEnA font-feature-liga-off font-feature-clig-off font-feature-calt-off text-decoration-none text-strikethrough-none\">During the pandemic, when everyone was going through a crisis of fear, the psychologist I was seeing told me that he saw me as fulfilled, unlike the rest of the people, and we stopped having sessions because I was flourishing, I felt calm, I had a lot of creativity and ideas for things we could implement both at home and at work. I felt fortunate not to greet people with a kiss and social distancing gave me a lot of calm.<\/span><\/p>\n<p class=\"cvGsUA direction-ltr align-center para-style-body\"><span class=\"OYPEnA font-feature-liga-off font-feature-clig-off font-feature-calt-off text-decoration-none text-strikethrough-none\">It wasn't until we returned to the offices, and I again had many difficulties adapting to \u201cnormality,\u201d that my psychologist sent me to a neuro-psychologist for an evaluation he couldn't perform. After interviews and tests, I was diagnosed with Autism (level one) with high capabilities. <\/span><span class=\"OYPEnA font-feature-liga-off font-feature-clig-off font-feature-calt-off text-decoration-none text-strikethrough-none\">My diagnosis means that I have enough intelligence to function in the current system, but my nervous system is on alert 24\/7 to achieve it. That's why I constantly experienced crises for which I sought a psychologist because I demanded of myself to respond to the expectations of a world not made for me.<\/span><\/p>\n<p><img decoding=\"async\" class=\"alignright wp-image-6944\" src=\"https:\/\/karlamozzo.com\/wp-content\/uploads\/2025\/04\/Karla-Mozzo_Alta-5-de-15-1024x683.jpg\" alt=\"\" width=\"500\" height=\"333\" srcset=\"https:\/\/karlamozzo.com\/wp-content\/uploads\/2025\/04\/Karla-Mozzo_Alta-5-de-15-1024x683.jpg 1024w, https:\/\/karlamozzo.com\/wp-content\/uploads\/2025\/04\/Karla-Mozzo_Alta-5-de-15-300x200.jpg 300w, https:\/\/karlamozzo.com\/wp-content\/uploads\/2025\/04\/Karla-Mozzo_Alta-5-de-15-768x512.jpg 768w, https:\/\/karlamozzo.com\/wp-content\/uploads\/2025\/04\/Karla-Mozzo_Alta-5-de-15-1536x1024.jpg 1536w, https:\/\/karlamozzo.com\/wp-content\/uploads\/2025\/04\/Karla-Mozzo_Alta-5-de-15-2048x1365.jpg 2048w, https:\/\/karlamozzo.com\/wp-content\/uploads\/2025\/04\/Karla-Mozzo_Alta-5-de-15-1320x880.jpg 1320w, https:\/\/karlamozzo.com\/wp-content\/uploads\/2025\/04\/Karla-Mozzo_Alta-5-de-15-600x400.jpg 600w\" sizes=\"(max-width: 500px) 100vw, 500px\" \/><\/p>\n<p><span class=\"OYPEnA font-feature-liga-off font-feature-clig-off font-feature-calt-off text-decoration-none text-strikethrough-none\">My high capabilities have helped me learn about human behavior, allowing me to analyze and identify patterns that enable me to survive in such environments, but they do not allow me to be myself with fullness or authenticity.<\/span><\/p>\n<p class=\"cvGsUA direction-ltr align-center para-style-body\"><span class=\"OYPEnA font-feature-liga-off font-feature-clig-off font-feature-calt-off text-decoration-none text-strikethrough-none\">Since my diagnosis, I started learning about autism, its co-morbidities, about trauma and neurosciences because now I understand the comprehensive impact on longevity and quality of life.<\/span><\/p>\n<p><!-- \/wp:quote --><!-- wp:paragraph --><!-- \/wp:paragraph --><\/p>\t\t\t\t\t\t\t\t<\/div>\n\t\t\t\t<\/div>\n\t\t\t\t\t<\/div>\n\t\t<\/div>\n\t\t\t\t\t<\/div>\n\t\t<\/section>\n\t\t\t\t<\/div>","protected":false},"excerpt":{"rendered":"<p>Siempre fui una persona muy distinta, me gustaba estar sola, cerca de la naturaleza, hac\u00eda muchas preguntas y mi sentido de justicia siempre me ha llevado a levantar la voz incluso contra mi propio bienestar. Los dos adjetivos que m\u00e1s escuch\u00e9 en mi vida fueron retadora e inteligente. Durante mi maestr\u00eda, estudiando el DSM tuve [&hellip;]<\/p>\n","protected":false},"author":1,"featured_media":0,"parent":0,"menu_order":0,"comment_status":"closed","ping_status":"closed","template":"","meta":{"_acf_changed":false,"om_disable_all_campaigns":false,"_monsterinsights_skip_tracking":false,"_monsterinsights_sitenote_active":false,"_monsterinsights_sitenote_note":"","_monsterinsights_sitenote_category":0,"footnotes":""},"class_list":["post-6540","page","type-page","status-publish","hentry"],"acf":[],"aioseo_notices":[],"jetpack_sharing_enabled":true,"_links":{"self":[{"href":"https:\/\/karlamozzo.com\/en\/wp-json\/wp\/v2\/pages\/6540","targetHints":{"allow":["GET"]}}],"collection":[{"href":"https:\/\/karlamozzo.com\/en\/wp-json\/wp\/v2\/pages"}],"about":[{"href":"https:\/\/karlamozzo.com\/en\/wp-json\/wp\/v2\/types\/page"}],"author":[{"embeddable":true,"href":"https:\/\/karlamozzo.com\/en\/wp-json\/wp\/v2\/users\/1"}],"replies":[{"embeddable":true,"href":"https:\/\/karlamozzo.com\/en\/wp-json\/wp\/v2\/comments?post=6540"}],"version-history":[{"count":20,"href":"https:\/\/karlamozzo.com\/en\/wp-json\/wp\/v2\/pages\/6540\/revisions"}],"predecessor-version":[{"id":6947,"href":"https:\/\/karlamozzo.com\/en\/wp-json\/wp\/v2\/pages\/6540\/revisions\/6947"}],"wp:attachment":[{"href":"https:\/\/karlamozzo.com\/en\/wp-json\/wp\/v2\/media?parent=6540"}],"curies":[{"name":"wp","href":"https:\/\/api.w.org\/{rel}","templated":true}]}}